{"id":89,"date":"2025-10-20T10:08:14","date_gmt":"2025-10-20T10:08:14","guid":{"rendered":"https:\/\/societedesoutien-international-boualemsansal.fr\/?page_id=89"},"modified":"2025-10-20T21:02:37","modified_gmt":"2025-10-20T21:02:37","slug":"la-societe-de-soutien","status":"publish","type":"page","link":"https:\/\/societedesoutien-international-boualemsansal.fr\/?page_id=89","title":{"rendered":"La Soci\u00e9t\u00e9 de soutien"},"content":{"rendered":"\n<p><strong>La Soci\u00e9t\u00e9 de soutien international \u00e0 Boualem Sansal <\/strong>est une association loi 1901, cr\u00e9\u00e9e le 2 d\u00e9cembre 2024, sous le num\u00e9ro W751277041. Elle est sise au 5, rue Gaston Gallimard, 75007 Paris.<\/p>\n\n\n\n<p><strong>Constitution du bureau<\/strong> : Antoine Gallimard, pr\u00e9sident ; Karina Hocine, vice-pr\u00e9sidente ; Alban Cerisier, secr\u00e9taire ; Vincent Delorme, tr\u00e9sorier.<\/p>\n\n\n\n<p>L&#8217;association a pour objet &#8220;de collecter des fonds aux fins de contribuer aux d\u00e9penses engag\u00e9es pour la d\u00e9fense de Monsieur Boualem Sansal, \u00e9crivain franco-alg\u00e9rien \u00e9crou\u00e9 en Alg\u00e9rie depuis le 16 novembre 2024, et d\u2019entreprendre toute action de communication et d\u2019information en ce sens.&#8221;<\/p>\n\n\n\n<p>Contact : <a href=\"mailto:societedesoutien.boualemsansal@gmail.com\">societedesoutien.boualemsansal@gmail.com<\/a><\/p>\n\n\n\n<figure class=\"wp-block-image size-large\"><img loading=\"lazy\" decoding=\"async\" width=\"1024\" height=\"724\" src=\"https:\/\/societedesoutien-international-boualemsansal.fr\/wp-content\/uploads\/2025\/10\/Sansal_IMA-4-1024x724.jpeg\" alt=\"\" class=\"wp-image-135\" srcset=\"https:\/\/societedesoutien-international-boualemsansal.fr\/wp-content\/uploads\/2025\/10\/Sansal_IMA-4-1024x724.jpeg 1024w, https:\/\/societedesoutien-international-boualemsansal.fr\/wp-content\/uploads\/2025\/10\/Sansal_IMA-4-300x212.jpeg 300w, https:\/\/societedesoutien-international-boualemsansal.fr\/wp-content\/uploads\/2025\/10\/Sansal_IMA-4-768x543.jpeg 768w, https:\/\/societedesoutien-international-boualemsansal.fr\/wp-content\/uploads\/2025\/10\/Sansal_IMA-4-1536x1086.jpeg 1536w, https:\/\/societedesoutien-international-boualemsansal.fr\/wp-content\/uploads\/2025\/10\/Sansal_IMA-4-2048x1448.jpeg 2048w\" sizes=\"auto, (max-width: 1024px) 100vw, 1024px\" \/><figcaption class=\"wp-element-caption\">Dessin de Xavier Gorce pour <em>Lib\u00e9rez Boualem Sansal. Les Ecrivains se mobilisent, <\/em>17 f\u00e9vrier 2025.<\/figcaption><\/figure>\n","protected":false},"excerpt":{"rendered":"<p>La Soci\u00e9t\u00e9 de soutien international \u00e0 Boualem Sansal est une association loi 1901, cr\u00e9\u00e9e le 2 d\u00e9cembre 2024, sous le num\u00e9ro W751277041. Elle est sise au 5, rue Gaston Gallimard, 75007 Paris. Constitution du bureau : Antoine Gallimard, pr\u00e9sident ; Karina Hocine, vice-pr\u00e9sidente ; Alban Cerisier, secr\u00e9taire ; Vincent Delorme, tr\u00e9sorier. L&#8217;association a pour objet [&hellip;]<\/p>\n","protected":false},"author":1,"featured_media":0,"parent":0,"menu_order":1,"comment_status":"closed","ping_status":"closed","template":"","meta":{"footnotes":""},"class_list":["post-89","page","type-page","status-publish","hentry"],"_links":{"self":[{"href":"https:\/\/societedesoutien-international-boualemsansal.fr\/index.php?rest_route=\/wp\/v2\/pages\/89","targetHints":{"allow":["GET"]}}],"collection":[{"href":"https:\/\/societedesoutien-international-boualemsansal.fr\/index.php?rest_route=\/wp\/v2\/pages"}],"about":[{"href":"https:\/\/societedesoutien-international-boualemsansal.fr\/index.php?rest_route=\/wp\/v2\/types\/page"}],"author":[{"embeddable":true,"href":"https:\/\/societedesoutien-international-boualemsansal.fr\/index.php?rest_route=\/wp\/v2\/users\/1"}],"replies":[{"embeddable":true,"href":"https:\/\/societedesoutien-international-boualemsansal.fr\/index.php?rest_route=%2Fwp%2Fv2%2Fcomments&post=89"}],"version-history":[{"count":6,"href":"https:\/\/societedesoutien-international-boualemsansal.fr\/index.php?rest_route=\/wp\/v2\/pages\/89\/revisions"}],"predecessor-version":[{"id":187,"href":"https:\/\/societedesoutien-international-boualemsansal.fr\/index.php?rest_route=\/wp\/v2\/pages\/89\/revisions\/187"}],"wp:attachment":[{"href":"https:\/\/societedesoutien-international-boualemsansal.fr\/index.php?rest_route=%2Fwp%2Fv2%2Fmedia&parent=89"}],"curies":[{"name":"wp","href":"https:\/\/api.w.org\/{rel}","templated":true}]}}