{"id":83,"date":"2025-10-20T09:52:21","date_gmt":"2025-10-20T09:52:21","guid":{"rendered":"https:\/\/societedesoutien-international-boualemsansal.fr\/?page_id=83"},"modified":"2025-10-20T21:03:45","modified_gmt":"2025-10-20T21:03:45","slug":"appel-aux-dons","status":"publish","type":"page","link":"https:\/\/societedesoutien-international-boualemsansal.fr\/?page_id=83","title":{"rendered":"Appel aux dons"},"content":{"rendered":"\n<p><strong>La Soci\u00e9t\u00e9 de soutien international \u00e0 Boualem Sansal<\/strong> collecte des dons pour financer toutes ses actions : d\u00e9fense de l&#8217;\u00e9crivain, action de communication et d&#8217;information pour sa lib\u00e9ration, promotion de son \u0153uvre et de ses engagements intellectuels.<\/p>\n\n\n\n<p>Une <strong>cagnotte <\/strong>a \u00e9t\u00e9 cr\u00e9\u00e9e \u00e0 cet effet sur Hello Asso.<\/p>\n\n\n\n<div class=\"wp-block-buttons is-layout-flex wp-block-buttons-is-layout-flex\">\n<div class=\"wp-block-button\"><a class=\"wp-block-button__link wp-element-button\" href=\"https:\/\/www.helloasso.com\/associations\/societe-de-soutien-international-a-boualem-sansal\/collectes\/souscription-pour-la-defense-de-boualem-sansal\">Faire un don<\/a><\/div>\n<\/div>\n\n\n\n<p>A ce jour, la collecte hello asso s&#8217;\u00e9l\u00e8ve \u00e0 <strong>29 208 euros<\/strong> ! S&#8217;y ajoute des dons directs, pour un montant de<strong> 12 000 euros<\/strong>. <br><br>Un <strong>immense merci<\/strong> \u00e0 tous les donateurs, particuliers, personnalit\u00e9s du livre et de l&#8217;\u00e9dition, institution. <\/p>\n\n\n\n<p>Ces sommes ont \u00e9t\u00e9 utilis\u00e9es pour aider au financement de la d\u00e9fense judiciaire de l&#8217;\u00e9crivain, ainsi que pour l&#8217;organisation des \u00e9v\u00e9nements et des supports de communication pour la lib\u00e9ration de l&#8217;\u00e9crivain (hommages, campagnes d&#8217;affichage).<\/p>\n\n\n\n<p><br>Il \u00e9galement possible d&#8217;adresser un ch\u00e8que ou de faire un virement direct \u00e0 l&#8217;Association : <\/p>\n\n\n\n<p><strong>Soci\u00e9t\u00e9 de soutien international \u00e0 Boualem Sansal<br>5, rue Gaston-Gallimard<br>75007 Paris<\/strong><\/p>\n\n\n\n<p><strong>IBAN : FR76 3000 4014 7100 0101 7031 816<br>BIC : BNPAFRPPXXX<\/strong><\/p>\n","protected":false},"excerpt":{"rendered":"<p>La Soci\u00e9t\u00e9 de soutien international \u00e0 Boualem Sansal collecte des dons pour financer toutes ses actions : d\u00e9fense de l&#8217;\u00e9crivain, action de communication et d&#8217;information pour sa lib\u00e9ration, promotion de son \u0153uvre et de ses engagements intellectuels. Une cagnotte a \u00e9t\u00e9 cr\u00e9\u00e9e \u00e0 cet effet sur Hello Asso. A ce jour, la collecte hello asso [&hellip;]<\/p>\n","protected":false},"author":1,"featured_media":0,"parent":0,"menu_order":2,"comment_status":"closed","ping_status":"closed","template":"","meta":{"footnotes":""},"class_list":["post-83","page","type-page","status-publish","hentry"],"_links":{"self":[{"href":"https:\/\/societedesoutien-international-boualemsansal.fr\/index.php?rest_route=\/wp\/v2\/pages\/83","targetHints":{"allow":["GET"]}}],"collection":[{"href":"https:\/\/societedesoutien-international-boualemsansal.fr\/index.php?rest_route=\/wp\/v2\/pages"}],"about":[{"href":"https:\/\/societedesoutien-international-boualemsansal.fr\/index.php?rest_route=\/wp\/v2\/types\/page"}],"author":[{"embeddable":true,"href":"https:\/\/societedesoutien-international-boualemsansal.fr\/index.php?rest_route=\/wp\/v2\/users\/1"}],"replies":[{"embeddable":true,"href":"https:\/\/societedesoutien-international-boualemsansal.fr\/index.php?rest_route=%2Fwp%2Fv2%2Fcomments&post=83"}],"version-history":[{"count":6,"href":"https:\/\/societedesoutien-international-boualemsansal.fr\/index.php?rest_route=\/wp\/v2\/pages\/83\/revisions"}],"predecessor-version":[{"id":188,"href":"https:\/\/societedesoutien-international-boualemsansal.fr\/index.php?rest_route=\/wp\/v2\/pages\/83\/revisions\/188"}],"wp:attachment":[{"href":"https:\/\/societedesoutien-international-boualemsansal.fr\/index.php?rest_route=%2Fwp%2Fv2%2Fmedia&parent=83"}],"curies":[{"name":"wp","href":"https:\/\/api.w.org\/{rel}","templated":true}]}}